{"id":2489,"date":"2022-12-18T21:58:53","date_gmt":"2022-12-18T21:58:53","guid":{"rendered":"https:\/\/www.frutico.com.tr\/?page_id=2489"},"modified":"2025-02-11T23:07:32","modified_gmt":"2025-02-11T23:07:32","slug":"iceslush","status":"publish","type":"page","link":"https:\/\/www.frutico.com.tr\/en\/iceslush\/","title":{"rendered":"Ice Slush"},"content":{"rendered":"<div data-elementor-type=\"wp-page\" data-elementor-id=\"2489\" class=\"elementor elementor-2489\">\n\t\t\t\t\t\t\t\t\t<section class=\"elementor-section elementor-top-section elementor-element elementor-element-37f9625 elementor-section-boxed elementor-section-height-default elementor-section-height-default\" data-id=\"37f9625\" data-element_type=\"section\" data-settings=\"{&quot;background_background&quot;:&quot;classic&quot;,&quot;ekit_has_onepagescroll_dot&quot;:&quot;yes&quot;}\">\n\t\t\t\t\t\t<div class=\"elementor-container elementor-column-gap-default\">\n\t\t\t\t\t<div class=\"elementor-column elementor-col-50 elementor-top-column elementor-element elementor-element-6b834cb\" data-id=\"6b834cb\" data-element_type=\"column\">\n\t\t\t<div class=\"elementor-widget-wrap elementor-element-populated\">\n\t\t\t\t\t\t\t\t<div class=\"elementor-element elementor-element-0a5a9d9 elementor-widget elementor-widget-image\" data-id=\"0a5a9d9\" data-element_type=\"widget\" data-settings=\"{&quot;ekit_we_effect_on&quot;:&quot;none&quot;}\" data-widget_type=\"image.default\">\n\t\t\t\t<div class=\"elementor-widget-container\">\n\t\t\t<style>\/*! elementor - v3.6.5 - 27-04-2022 *\/\n.elementor-widget-image{text-align:center}.elementor-widget-image a{display:inline-block}.elementor-widget-image a img[src$=\".svg\"]{width:48px}.elementor-widget-image img{vertical-align:middle;display:inline-block}<\/style>\t\t\t\t\t\t\t\t\t\t\t\t<img loading=\"lazy\" decoding=\"async\" width=\"954\" height=\"681\" src=\"https:\/\/www.frutico.com.tr\/wp-content\/uploads\/2022\/12\/iceslush2.jpg\" class=\"attachment-full size-full\" alt=\"\" srcset=\"https:\/\/www.frutico.com.tr\/wp-content\/uploads\/2022\/12\/iceslush2.jpg 954w, https:\/\/www.frutico.com.tr\/wp-content\/uploads\/2022\/12\/iceslush2-300x214.jpg 300w, https:\/\/www.frutico.com.tr\/wp-content\/uploads\/2022\/12\/iceslush2-768x548.jpg 768w, https:\/\/www.frutico.com.tr\/wp-content\/uploads\/2022\/12\/iceslush2-18x12.jpg 18w\" sizes=\"auto, (max-width: 954px) 100vw, 954px\" \/>\t\t\t\t\t\t\t\t\t\t\t\t\t\t\t<\/div>\n\t\t\t\t<\/div>\n\t\t\t\t\t<\/div>\n\t\t<\/div>\n\t\t\t\t<div class=\"elementor-column elementor-col-50 elementor-top-column elementor-element elementor-element-46a14ef\" data-id=\"46a14ef\" data-element_type=\"column\">\n\t\t\t<div class=\"elementor-widget-wrap elementor-element-populated\">\n\t\t\t\t\t\t\t\t<div class=\"elementor-element elementor-element-6cd7bcb animated-slow elementor-invisible elementor-widget elementor-widget-heading\" data-id=\"6cd7bcb\" data-element_type=\"widget\" data-settings=\"{&quot;_animation&quot;:&quot;fadeIn&quot;,&quot;ekit_we_effect_on&quot;:&quot;none&quot;}\" data-widget_type=\"heading.default\">\n\t\t\t\t<div class=\"elementor-widget-container\">\n\t\t\t<style>\/*! elementor - v3.6.5 - 27-04-2022 *\/\n.elementor-heading-title{padding:0;margin:0;line-height:1}.elementor-widget-heading .elementor-heading-title[class*=elementor-size-]>a{color:inherit;font-size:inherit;line-height:inherit}.elementor-widget-heading .elementor-heading-title.elementor-size-small{font-size:15px}.elementor-widget-heading .elementor-heading-title.elementor-size-medium{font-size:19px}.elementor-widget-heading .elementor-heading-title.elementor-size-large{font-size:29px}.elementor-widget-heading .elementor-heading-title.elementor-size-xl{font-size:39px}.elementor-widget-heading .elementor-heading-title.elementor-size-xxl{font-size:59px}<\/style><h2 class=\"elementor-heading-title elementor-size-default\">Double Dispenser<\/h2>\t\t<\/div>\n\t\t\t\t<\/div>\n\t\t\t\t<div class=\"elementor-element elementor-element-208b211 elementor-widget__width-initial elementor-invisible elementor-widget elementor-widget-heading\" data-id=\"208b211\" data-element_type=\"widget\" data-settings=\"{&quot;_animation&quot;:&quot;fadeInUp&quot;,&quot;ekit_we_effect_on&quot;:&quot;none&quot;}\" data-widget_type=\"heading.default\">\n\t\t\t\t<div class=\"elementor-widget-container\">\n\t\t\t<h2 class=\"elementor-heading-title elementor-size-default\">Panoramic 10 Twin<\/h2>\t\t<\/div>\n\t\t\t\t<\/div>\n\t\t\t\t<div class=\"elementor-element elementor-element-da5f404 elementor-widget__width-initial elementor-invisible elementor-widget elementor-widget-heading\" data-id=\"da5f404\" data-element_type=\"widget\" data-settings=\"{&quot;_animation&quot;:&quot;fadeInUp&quot;,&quot;ekit_we_effect_on&quot;:&quot;none&quot;}\" data-widget_type=\"heading.default\">\n\t\t\t\t<div class=\"elementor-widget-container\">\n\t\t\t<h2 class=\"elementor-heading-title elementor-size-default\">Cold beverage dispenser with panoramic mixer<\/h2>\t\t<\/div>\n\t\t\t\t<\/div>\n\t\t\t\t<div class=\"elementor-element elementor-element-cb2fc89 elementor-widget__width-initial elementor-widget elementor-widget-text-editor\" data-id=\"cb2fc89\" data-element_type=\"widget\" data-settings=\"{&quot;ekit_we_effect_on&quot;:&quot;none&quot;}\" data-widget_type=\"text-editor.default\">\n\t\t\t\t<div class=\"elementor-widget-container\">\n\t\t\t<style>\/*! elementor - v3.6.5 - 27-04-2022 *\/\n.elementor-widget-text-editor.elementor-drop-cap-view-stacked .elementor-drop-cap{background-color:#818a91;color:#fff}.elementor-widget-text-editor.elementor-drop-cap-view-framed .elementor-drop-cap{color:#818a91;border:3px solid;background-color:transparent}.elementor-widget-text-editor:not(.elementor-drop-cap-view-default) .elementor-drop-cap{margin-top:8px}.elementor-widget-text-editor:not(.elementor-drop-cap-view-default) .elementor-drop-cap-letter{width:1em;height:1em}.elementor-widget-text-editor .elementor-drop-cap{float:left;text-align:center;line-height:1;font-size:50px}.elementor-widget-text-editor .elementor-drop-cap-letter{display:inline-block}<\/style>\t\t\t\t<p>Countertop dispenser designed for cooling and dispensing natural fruit juices, buttermilk and all kinds of cold drinks<\/p>\t\t\t\t\t\t<\/div>\n\t\t\t\t<\/div>\n\t\t\t\t<div class=\"elementor-element elementor-element-f50452b elementor-widget__width-initial elementor-widget elementor-widget-text-editor\" data-id=\"f50452b\" data-element_type=\"widget\" data-settings=\"{&quot;ekit_we_effect_on&quot;:&quot;none&quot;}\" data-widget_type=\"text-editor.default\">\n\t\t\t\t<div class=\"elementor-widget-container\">\n\t\t\t\t\t\t\t<p>Countertop dispenser designed especially for cooling and dispensing of natural fruit juices with particles, buttermilk, turnip, cold coffee, cold tea, milk and all kinds of cold beverages thanks to its slow running magnetic paddle mixing system. The chambers can be controlled independently of each other for cooling and mixing, and the multiple chambers ensure that beverages can be supplied at any time. Practical faucet system allows for easy one-handed beverage dispensing. The wide spout hose ensures fast filling even with particle drinks and can be easily disassembled and cleaned. The magnetic pallet system eliminates the risk of the beverage in the hopper leaking into the lower motor section, thus extending the life of the motor. The twisted pallet system ensures homogeneous mixing and faster cooling of the beverage. For perfect cleanliness and hygiene, all parts in contact with the beverage are easily accessible and can be cleaned quickly.\u00a0<\/p>\t\t\t\t\t\t<\/div>\n\t\t\t\t<\/div>\n\t\t\t\t<div class=\"elementor-element elementor-element-b9f8ca0 elementor-widget elementor-widget-spacer\" data-id=\"b9f8ca0\" data-element_type=\"widget\" data-settings=\"{&quot;ekit_we_effect_on&quot;:&quot;none&quot;}\" data-widget_type=\"spacer.default\">\n\t\t\t\t<div class=\"elementor-widget-container\">\n\t\t\t<style>\/*! elementor - v3.6.5 - 27-04-2022 *\/\n.e-container.e-container--row .elementor-spacer-inner{width:var(--spacer-size)}.e-container.e-container--column .elementor-spacer-inner,.elementor-column .elementor-spacer-inner{height:var(--spacer-size)}<\/style>\t\t<div class=\"elementor-spacer\">\n\t\t\t<div class=\"elementor-spacer-inner\"><\/div>\n\t\t<\/div>\n\t\t\t\t<\/div>\n\t\t\t\t<\/div>\n\t\t\t\t\t<\/div>\n\t\t<\/div>\n\t\t\t\t\t\t\t<\/div>\n\t\t<\/section>\n\t\t\t\t\t\t\t<\/div>","protected":false},"excerpt":{"rendered":"<p>\u00c7iftli Dispencer Panoramik 10 Twin Panoramik kar\u0131\u015ft\u0131r\u0131c\u0131l\u0131 so\u011fuk i\u00e7ecek dispenseri Do\u011fal meyve sular\u0131, ayran ve her t\u00fcrl\u00fc so\u011fuk i\u00e7eceklerin so\u011futulmas\u0131 ve da\u011f\u0131t\u0131m\u0131 i\u00e7in tasarlanm\u0131\u015f tezgah \u00fcst\u00fc dispenser Yava\u015f \u00e7al\u0131\u015fan manyetik paletli kar\u0131\u015ft\u0131rma sistemi sayesinde; \u00f6zellikle par\u00e7ac\u0131kl\u0131 do\u011fal meyve sular\u0131, ayran, \u015falgam, so\u011fuk kahve, so\u011fuk \u00e7ay, s\u00fct ve her t\u00fcrl\u00fc so\u011fuk i\u00e7eceklerin so\u011futulmas\u0131 ve da\u011f\u0131t\u0131m\u0131 i\u00e7in [&hellip;]<\/p>","protected":false},"author":1,"featured_media":0,"parent":0,"menu_order":0,"comment_status":"closed","ping_status":"closed","template":"elementor_header_footer","meta":{"footnotes":""},"class_list":["post-2489","page","type-page","status-publish","hentry"],"yoast_head":"<!-- This site is optimized with the Yoast SEO plugin v19.0 - https:\/\/yoast.com\/wordpress\/plugins\/seo\/ -->\n<title>Ice Slush - Frutico<\/title>\n<meta name=\"robots\" content=\"index, follow, max-snippet:-1, max-image-preview:large, max-video-preview:-1\" \/>\n<link rel=\"canonical\" href=\"https:\/\/www.frutico.com.tr\/en\/iceslush\/\" \/>\n<meta property=\"og:locale\" content=\"en_US\" \/>\n<meta property=\"og:type\" content=\"article\" \/>\n<meta property=\"og:title\" content=\"Ice Slush - Frutico\" \/>\n<meta property=\"og:description\" content=\"\u00c7iftli Dispencer Panoramik 10 Twin Panoramik kar\u0131\u015ft\u0131r\u0131c\u0131l\u0131 so\u011fuk i\u00e7ecek dispenseri Do\u011fal meyve sular\u0131, ayran ve her t\u00fcrl\u00fc so\u011fuk i\u00e7eceklerin so\u011futulmas\u0131 ve da\u011f\u0131t\u0131m\u0131 i\u00e7in tasarlanm\u0131\u015f tezgah \u00fcst\u00fc dispenser Yava\u015f \u00e7al\u0131\u015fan manyetik paletli kar\u0131\u015ft\u0131rma sistemi sayesinde; \u00f6zellikle par\u00e7ac\u0131kl\u0131 do\u011fal meyve sular\u0131, ayran, \u015falgam, so\u011fuk kahve, so\u011fuk \u00e7ay, s\u00fct ve her t\u00fcrl\u00fc so\u011fuk i\u00e7eceklerin so\u011futulmas\u0131 ve da\u011f\u0131t\u0131m\u0131 i\u00e7in [&hellip;]\" \/>\n<meta property=\"og:url\" content=\"https:\/\/www.frutico.com.tr\/en\/iceslush\/\" \/>\n<meta property=\"og:site_name\" content=\"Frutico\" \/>\n<meta property=\"article:modified_time\" content=\"2025-02-11T23:07:32+00:00\" \/>\n<meta property=\"og:image\" content=\"https:\/\/www.frutico.com.tr\/wp-content\/uploads\/2022\/12\/iceslush2.jpg\" \/>\n<meta name=\"twitter:card\" content=\"summary_large_image\" \/>\n<meta name=\"twitter:label1\" content=\"Est. reading time\" \/>\n\t<meta name=\"twitter:data1\" content=\"2 minutes\" \/>\n<script type=\"application\/ld+json\" class=\"yoast-schema-graph\">{\"@context\":\"https:\/\/schema.org\",\"@graph\":[{\"@type\":\"Organization\",\"@id\":\"https:\/\/www.frutico.com.tr\/#organization\",\"name\":\"Frutico\",\"url\":\"https:\/\/www.frutico.com.tr\/\",\"sameAs\":[],\"logo\":{\"@type\":\"ImageObject\",\"inLanguage\":\"en-US\",\"@id\":\"https:\/\/www.frutico.com.tr\/#\/schema\/logo\/image\/\",\"url\":\"https:\/\/www.frutico.com.tr\/wp-content\/uploads\/2022\/04\/frutico-logo.svg\",\"contentUrl\":\"https:\/\/www.frutico.com.tr\/wp-content\/uploads\/2022\/04\/frutico-logo.svg\",\"width\":137,\"height\":77,\"caption\":\"Frutico\"},\"image\":{\"@id\":\"https:\/\/www.frutico.com.tr\/#\/schema\/logo\/image\/\"}},{\"@type\":\"WebSite\",\"@id\":\"https:\/\/www.frutico.com.tr\/#website\",\"url\":\"https:\/\/www.frutico.com.tr\/\",\"name\":\"Frutico\",\"description\":\"D\u00fcnyan\u0131n Meyvesi O\",\"publisher\":{\"@id\":\"https:\/\/www.frutico.com.tr\/#organization\"},\"potentialAction\":[{\"@type\":\"SearchAction\",\"target\":{\"@type\":\"EntryPoint\",\"urlTemplate\":\"https:\/\/www.frutico.com.tr\/?s={search_term_string}\"},\"query-input\":\"required name=search_term_string\"}],\"inLanguage\":\"en-US\"},{\"@type\":\"ImageObject\",\"inLanguage\":\"en-US\",\"@id\":\"https:\/\/www.frutico.com.tr\/iceslush\/#primaryimage\",\"url\":\"https:\/\/www.frutico.com.tr\/wp-content\/uploads\/2022\/12\/iceslush2.jpg\",\"contentUrl\":\"https:\/\/www.frutico.com.tr\/wp-content\/uploads\/2022\/12\/iceslush2.jpg\",\"width\":954,\"height\":681},{\"@type\":\"WebPage\",\"@id\":\"https:\/\/www.frutico.com.tr\/iceslush\/#webpage\",\"url\":\"https:\/\/www.frutico.com.tr\/iceslush\/\",\"name\":\"Ice Slush - Frutico\",\"isPartOf\":{\"@id\":\"https:\/\/www.frutico.com.tr\/#website\"},\"primaryImageOfPage\":{\"@id\":\"https:\/\/www.frutico.com.tr\/iceslush\/#primaryimage\"},\"datePublished\":\"2022-12-18T21:58:53+00:00\",\"dateModified\":\"2025-02-11T23:07:32+00:00\",\"breadcrumb\":{\"@id\":\"https:\/\/www.frutico.com.tr\/iceslush\/#breadcrumb\"},\"inLanguage\":\"en-US\",\"potentialAction\":[{\"@type\":\"ReadAction\",\"target\":[\"https:\/\/www.frutico.com.tr\/iceslush\/\"]}]},{\"@type\":\"BreadcrumbList\",\"@id\":\"https:\/\/www.frutico.com.tr\/iceslush\/#breadcrumb\",\"itemListElement\":[{\"@type\":\"ListItem\",\"position\":1,\"name\":\"Anasayfa\",\"item\":\"https:\/\/www.frutico.com.tr\/\"},{\"@type\":\"ListItem\",\"position\":2,\"name\":\"Ice Slush\"}]}]}<\/script>\n<!-- \/ Yoast SEO plugin. -->","yoast_head_json":{"title":"Ice Slush - Frutico","robots":{"index":"index","follow":"follow","max-snippet":"max-snippet:-1","max-image-preview":"max-image-preview:large","max-video-preview":"max-video-preview:-1"},"canonical":"https:\/\/www.frutico.com.tr\/en\/iceslush\/","og_locale":"en_US","og_type":"article","og_title":"Ice Slush - Frutico","og_description":"\u00c7iftli Dispencer Panoramik 10 Twin Panoramik kar\u0131\u015ft\u0131r\u0131c\u0131l\u0131 so\u011fuk i\u00e7ecek dispenseri Do\u011fal meyve sular\u0131, ayran ve her t\u00fcrl\u00fc so\u011fuk i\u00e7eceklerin so\u011futulmas\u0131 ve da\u011f\u0131t\u0131m\u0131 i\u00e7in tasarlanm\u0131\u015f tezgah \u00fcst\u00fc dispenser Yava\u015f \u00e7al\u0131\u015fan manyetik paletli kar\u0131\u015ft\u0131rma sistemi sayesinde; \u00f6zellikle par\u00e7ac\u0131kl\u0131 do\u011fal meyve sular\u0131, ayran, \u015falgam, so\u011fuk kahve, so\u011fuk \u00e7ay, s\u00fct ve her t\u00fcrl\u00fc so\u011fuk i\u00e7eceklerin so\u011futulmas\u0131 ve da\u011f\u0131t\u0131m\u0131 i\u00e7in [&hellip;]","og_url":"https:\/\/www.frutico.com.tr\/en\/iceslush\/","og_site_name":"Frutico","article_modified_time":"2025-02-11T23:07:32+00:00","og_image":[{"url":"https:\/\/www.frutico.com.tr\/wp-content\/uploads\/2022\/12\/iceslush2.jpg"}],"twitter_card":"summary_large_image","twitter_misc":{"Est. reading time":"2 minutes"},"schema":{"@context":"https:\/\/schema.org","@graph":[{"@type":"Organization","@id":"https:\/\/www.frutico.com.tr\/#organization","name":"Frutico","url":"https:\/\/www.frutico.com.tr\/","sameAs":[],"logo":{"@type":"ImageObject","inLanguage":"en-US","@id":"https:\/\/www.frutico.com.tr\/#\/schema\/logo\/image\/","url":"https:\/\/www.frutico.com.tr\/wp-content\/uploads\/2022\/04\/frutico-logo.svg","contentUrl":"https:\/\/www.frutico.com.tr\/wp-content\/uploads\/2022\/04\/frutico-logo.svg","width":137,"height":77,"caption":"Frutico"},"image":{"@id":"https:\/\/www.frutico.com.tr\/#\/schema\/logo\/image\/"}},{"@type":"WebSite","@id":"https:\/\/www.frutico.com.tr\/#website","url":"https:\/\/www.frutico.com.tr\/","name":"Frutico","description":"D\u00fcnyan\u0131n Meyvesi O","publisher":{"@id":"https:\/\/www.frutico.com.tr\/#organization"},"potentialAction":[{"@type":"SearchAction","target":{"@type":"EntryPoint","urlTemplate":"https:\/\/www.frutico.com.tr\/?s={search_term_string}"},"query-input":"required name=search_term_string"}],"inLanguage":"en-US"},{"@type":"ImageObject","inLanguage":"en-US","@id":"https:\/\/www.frutico.com.tr\/iceslush\/#primaryimage","url":"https:\/\/www.frutico.com.tr\/wp-content\/uploads\/2022\/12\/iceslush2.jpg","contentUrl":"https:\/\/www.frutico.com.tr\/wp-content\/uploads\/2022\/12\/iceslush2.jpg","width":954,"height":681},{"@type":"WebPage","@id":"https:\/\/www.frutico.com.tr\/iceslush\/#webpage","url":"https:\/\/www.frutico.com.tr\/iceslush\/","name":"Ice Slush - Frutico","isPartOf":{"@id":"https:\/\/www.frutico.com.tr\/#website"},"primaryImageOfPage":{"@id":"https:\/\/www.frutico.com.tr\/iceslush\/#primaryimage"},"datePublished":"2022-12-18T21:58:53+00:00","dateModified":"2025-02-11T23:07:32+00:00","breadcrumb":{"@id":"https:\/\/www.frutico.com.tr\/iceslush\/#breadcrumb"},"inLanguage":"en-US","potentialAction":[{"@type":"ReadAction","target":["https:\/\/www.frutico.com.tr\/iceslush\/"]}]},{"@type":"BreadcrumbList","@id":"https:\/\/www.frutico.com.tr\/iceslush\/#breadcrumb","itemListElement":[{"@type":"ListItem","position":1,"name":"Anasayfa","item":"https:\/\/www.frutico.com.tr\/"},{"@type":"ListItem","position":2,"name":"Ice Slush"}]}]}},"_links":{"self":[{"href":"https:\/\/www.frutico.com.tr\/en\/wp-json\/wp\/v2\/pages\/2489","targetHints":{"allow":["GET"]}}],"collection":[{"href":"https:\/\/www.frutico.com.tr\/en\/wp-json\/wp\/v2\/pages"}],"about":[{"href":"https:\/\/www.frutico.com.tr\/en\/wp-json\/wp\/v2\/types\/page"}],"author":[{"embeddable":true,"href":"https:\/\/www.frutico.com.tr\/en\/wp-json\/wp\/v2\/users\/1"}],"replies":[{"embeddable":true,"href":"https:\/\/www.frutico.com.tr\/en\/wp-json\/wp\/v2\/comments?post=2489"}],"version-history":[{"count":16,"href":"https:\/\/www.frutico.com.tr\/en\/wp-json\/wp\/v2\/pages\/2489\/revisions"}],"predecessor-version":[{"id":3013,"href":"https:\/\/www.frutico.com.tr\/en\/wp-json\/wp\/v2\/pages\/2489\/revisions\/3013"}],"wp:attachment":[{"href":"https:\/\/www.frutico.com.tr\/en\/wp-json\/wp\/v2\/media?parent=2489"}],"curies":[{"name":"wp","href":"https:\/\/api.w.org\/{rel}","templated":true}]}}